{"id":22,"date":"2019-09-10T15:53:23","date_gmt":"2019-09-10T15:53:23","guid":{"rendered":"https:\/\/www.tevfikyildirim.av.tr\/fr\/?page_id=22"},"modified":"2019-09-10T15:53:23","modified_gmt":"2019-09-10T15:53:23","slug":"a-propos-de-nous","status":"publish","type":"page","link":"https:\/\/www.tevfikyildirim.av.tr\/fr\/a-propos-de-nous\/","title":{"rendered":"\u00c0 propos de nous"},"content":{"rendered":"\n<div class=\"wp-block-image\"><figure class=\"alignleft is-resized\"><img loading=\"lazy\" decoding=\"async\" src=\"https:\/\/www.tevfikyildirim.av.tr\/fr\/wp-content\/uploads\/2019\/09\/kendi-resmim.jpg\" alt=\"\" class=\"wp-image-23\" width=\"173\" height=\"219\" srcset=\"https:\/\/www.tevfikyildirim.av.tr\/fr\/wp-content\/uploads\/2019\/09\/kendi-resmim.jpg 355w, https:\/\/www.tevfikyildirim.av.tr\/fr\/wp-content\/uploads\/2019\/09\/kendi-resmim-237x300.jpg 237w\" sizes=\"auto, (max-width: 173px) 100vw, 173px\" \/><figcaption>Avocat Tevfik YILDIRIM<\/figcaption><\/figure><\/div>\n\n\n\n<p class=\"has-drop-cap\"> Apr\u00e8s avoir termin\u00e9 ses \u00e9tudes \u00e0 la Facult\u00e9 de droit de L&#8217;Universit\u00e9 de  Dokuz septembre, il a termin\u00e9 son \u00e9quivalence de formation et a commenc\u00e9  un stage au Barreau D&#8217;Istanbul. En plus de fournir des services de  consultation dans les bureaux o\u00f9 il a travaill\u00e9, il a suivi la collecte  de milliers de dossiers et les processus de restructuration de la dette. <br><\/p>\n\n\n\n<p><\/p>\n\n\n\n<h3 class=\"wp-block-heading\">Domaines Du Droit O\u00f9 Il A De L&#8217;Exp\u00e9rience<\/h3>\n\n\n\n<p>Droit immobilier et droit locatif; droit des soci\u00e9t\u00e9s et droit commercial; droit de la faillite, recouvrement, contr\u00f4le et restructuration de la dette; droit de la famille (Divorce); droit des personnes et des successions; droit du Travail, Droit de la sant\u00e9 et de la s\u00e9curit\u00e9 au travail; r\u00e8glement des diff\u00e9rends<\/p>\n\n\n\n<h2 class=\"wp-block-heading\">Formation et s\u00e9minaires<\/h2>\n\n\n\n<p>Universit\u00e9 Alexandru Ioan Cuza et Facult\u00e9 de droit de L&#8217;Universit\u00e9 Petre Andrei-licence en Sciences (Universit\u00e9 de Petre Andrei din Ia\u015fi) &#8211; 2016<\/p>\n\n\n\n<p>Dokuz Septembre Facult\u00e9 De Droit De L&#8217;Universit\u00e9 (\u00c9quivalence ) &#8211; 2018<\/p>\n\n\n\n<p>Stage De Formation De L&#8217;Ordre Des Avocats D&#8217;Istanbul-2018-08\/2019 (Licence En Cours) <\/p>\n\n\n\n<p><\/p>\n","protected":false},"excerpt":{"rendered":"<p>Apr\u00e8s avoir termin\u00e9 ses \u00e9tudes \u00e0 la Facult\u00e9 de droit de L&#8217;Universit\u00e9 de Dokuz septembre, il a termin\u00e9 son \u00e9quivalence de formation et a commenc\u00e9 un stage au Barreau D&#8217;Istanbul. En plus de fournir des services de consultation dans les bureaux o\u00f9 il a travaill\u00e9, il a suivi la collecte de milliers de dossiers et [&hellip;]<\/p>\n","protected":false},"author":1,"featured_media":0,"parent":0,"menu_order":0,"comment_status":"closed","ping_status":"closed","template":"","meta":{"footnotes":""},"class_list":["post-22","page","type-page","status-publish","hentry"],"_links":{"self":[{"href":"https:\/\/www.tevfikyildirim.av.tr\/fr\/wp-json\/wp\/v2\/pages\/22","targetHints":{"allow":["GET"]}}],"collection":[{"href":"https:\/\/www.tevfikyildirim.av.tr\/fr\/wp-json\/wp\/v2\/pages"}],"about":[{"href":"https:\/\/www.tevfikyildirim.av.tr\/fr\/wp-json\/wp\/v2\/types\/page"}],"author":[{"embeddable":true,"href":"https:\/\/www.tevfikyildirim.av.tr\/fr\/wp-json\/wp\/v2\/users\/1"}],"replies":[{"embeddable":true,"href":"https:\/\/www.tevfikyildirim.av.tr\/fr\/wp-json\/wp\/v2\/comments?post=22"}],"version-history":[{"count":1,"href":"https:\/\/www.tevfikyildirim.av.tr\/fr\/wp-json\/wp\/v2\/pages\/22\/revisions"}],"predecessor-version":[{"id":24,"href":"https:\/\/www.tevfikyildirim.av.tr\/fr\/wp-json\/wp\/v2\/pages\/22\/revisions\/24"}],"wp:attachment":[{"href":"https:\/\/www.tevfikyildirim.av.tr\/fr\/wp-json\/wp\/v2\/media?parent=22"}],"curies":[{"name":"wp","href":"https:\/\/api.w.org\/{rel}","templated":true}]}}