{"id":19,"date":"2021-09-01T12:04:27","date_gmt":"2021-09-01T12:04:27","guid":{"rendered":"https:\/\/www.tevfikyildirim.av.tr\/ro\/?page_id=19"},"modified":"2021-09-01T12:04:27","modified_gmt":"2021-09-01T12:04:27","slug":"despre-noi","status":"publish","type":"page","link":"https:\/\/www.tevfikyildirim.av.tr\/ro\/despre-noi\/","title":{"rendered":"Despre noi"},"content":{"rendered":"\n<div class=\"wp-block-image\"><figure class=\"alignleft size-full is-resized\"><img loading=\"lazy\" decoding=\"async\" src=\"https:\/\/www.tevfikyildirim.av.tr\/ro\/wp-content\/uploads\/2021\/09\/avocat-tevfik-yildirim-in-istanbul.jpg\" alt=\"\" class=\"wp-image-20\" width=\"236\" height=\"299\" srcset=\"https:\/\/www.tevfikyildirim.av.tr\/ro\/wp-content\/uploads\/2021\/09\/avocat-tevfik-yildirim-in-istanbul.jpg 355w, https:\/\/www.tevfikyildirim.av.tr\/ro\/wp-content\/uploads\/2021\/09\/avocat-tevfik-yildirim-in-istanbul-237x300.jpg 237w\" sizes=\"auto, (max-width: 236px) 100vw, 236px\" \/><figcaption>Avocatul Tevfik YILDIRIM din \u0130stanbul<\/figcaption><\/figure><\/div>\n\n\n\n<p>Avocatul Tevfik YILDIRIM, cet\u0103\u021bean al Turciei, a studiat dreptul \u00een Rom\u00e2nia \u0219i Turcia \u0219i este avocat afiliat la baroul din Istanbul.<\/p>\n\n\n\n<h2 class=\"wp-block-heading\">Experien\u021be<\/h2>\n\n\n\n<p>hiriere; drept comercial \u0219i al societ\u0103\u021bilor comerciale; faliment \u0219i faliment<br>Drept, urm\u0103rirea \u00eencas\u0103rilor \u0219i restructurarea datoriilor; familie<br>(Divor\u021b) persoane \u0219i legea mo\u0219tenirii; dreptul muncii, s\u0103n\u0103tatea \u0219i securitatea \u00een munc\u0103<br>Drept; solu\u021bionarea litigiilor \u0219i urm\u0103rirea acestora<\/p>\n\n\n\n<h2 class=\"wp-block-heading\">Instruire \u0219i seminarii<\/h2>\n\n\n\n<p>Petre Andrei University Faculty of Law &#8211; Undergraduate (University of Petre Andrei din Ia\u015fi) &#8211; 2016<\/p>\n\n\n\n<p>Dokuz Eyl\u00fcl University Faculty of Law (Equivalence) &#8211; 2018<\/p>\n\n\n\n<p>Istanbul Bar Association Internship &#8211; 2018<\/p>\n\n\n\n<h2 class=\"wp-block-heading\">Limb\u0103 Str\u0103in\u0103<\/h2>\n\n\n\n<ul class=\"wp-block-list\"><li>Limba Engleza<\/li><li>Limba Romana<\/li><li>Limba Turca<\/li><\/ul>\n\n\n\n<p><\/p>\n","protected":false},"excerpt":{"rendered":"<p>Avocatul Tevfik YILDIRIM, cet\u0103\u021bean al Turciei, a studiat dreptul \u00een Rom\u00e2nia \u0219i Turcia \u0219i este avocat afiliat la baroul din Istanbul. Experien\u021be hiriere; drept comercial \u0219i al societ\u0103\u021bilor comerciale; faliment \u0219i falimentDrept, urm\u0103rirea \u00eencas\u0103rilor \u0219i restructurarea datoriilor; familie(Divor\u021b) persoane \u0219i legea mo\u0219tenirii; dreptul muncii, s\u0103n\u0103tatea \u0219i securitatea \u00een munc\u0103Drept; solu\u021bionarea litigiilor \u0219i urm\u0103rirea acestora Instruire [&hellip;]<\/p>\n","protected":false},"author":1,"featured_media":0,"parent":0,"menu_order":0,"comment_status":"closed","ping_status":"closed","template":"","meta":{"footnotes":""},"class_list":["post-19","page","type-page","status-publish","hentry"],"yoast_head":"<!-- This site is optimized with the Yoast SEO plugin v19.2 - https:\/\/yoast.com\/wordpress\/plugins\/seo\/ -->\n<title>Despre noi - Avocat \u00cen Istanbul - Turcia<\/title>\n<meta name=\"robots\" content=\"index, follow, max-snippet:-1, max-image-preview:large, max-video-preview:-1\" \/>\n<link rel=\"canonical\" href=\"https:\/\/www.tevfikyildirim.av.tr\/ro\/despre-noi\/\" \/>\n<meta property=\"og:locale\" content=\"tr_TR\" \/>\n<meta property=\"og:type\" content=\"article\" \/>\n<meta property=\"og:title\" content=\"Despre noi - Avocat \u00cen Istanbul - Turcia\" \/>\n<meta property=\"og:description\" content=\"Avocatul Tevfik YILDIRIM, cet\u0103\u021bean al Turciei, a studiat dreptul \u00een Rom\u00e2nia \u0219i Turcia \u0219i este avocat afiliat la baroul din Istanbul. Experien\u021be hiriere; drept comercial \u0219i al societ\u0103\u021bilor comerciale; faliment \u0219i falimentDrept, urm\u0103rirea \u00eencas\u0103rilor \u0219i restructurarea datoriilor; familie(Divor\u021b) persoane \u0219i legea mo\u0219tenirii; dreptul muncii, s\u0103n\u0103tatea \u0219i securitatea \u00een munc\u0103Drept; solu\u021bionarea litigiilor \u0219i urm\u0103rirea acestora Instruire [&hellip;]\" \/>\n<meta property=\"og:url\" content=\"https:\/\/www.tevfikyildirim.av.tr\/ro\/despre-noi\/\" \/>\n<meta property=\"og:site_name\" content=\"Avocat \u00cen Istanbul - Turcia\" \/>\n<meta property=\"og:image\" content=\"https:\/\/www.tevfikyildirim.av.tr\/ro\/wp-content\/uploads\/2021\/09\/avocat-tevfik-yildirim-in-istanbul.jpg\" \/>\n<meta name=\"author\" content=\"tevfikyi\" \/>\n<meta name=\"twitter:card\" content=\"summary_large_image\" \/>\n<meta name=\"twitter:label1\" content=\"Tahmini okuma s\u00fcresi\" \/>\n\t<meta name=\"twitter:data1\" content=\"1 dakika\" \/>\n<script type=\"application\/ld+json\" class=\"yoast-schema-graph\">{\"@context\":\"https:\/\/schema.org\",\"@graph\":[{\"@type\":\"WebSite\",\"@id\":\"https:\/\/www.tevfikyildirim.av.tr\/ro\/#website\",\"url\":\"https:\/\/www.tevfikyildirim.av.tr\/ro\/\",\"name\":\"Avocat \u00cen Istanbul - Turcia\",\"description\":\"Avocat care vorbe\u0219te limba rom&acirc;n\u0103\",\"potentialAction\":[{\"@type\":\"SearchAction\",\"target\":{\"@type\":\"EntryPoint\",\"urlTemplate\":\"https:\/\/www.tevfikyildirim.av.tr\/ro\/?s={search_term_string}\"},\"query-input\":\"required name=search_term_string\"}],\"inLanguage\":\"tr\"},{\"@type\":\"ImageObject\",\"inLanguage\":\"tr\",\"@id\":\"https:\/\/www.tevfikyildirim.av.tr\/ro\/despre-noi\/#primaryimage\",\"url\":\"https:\/\/www.tevfikyildirim.av.tr\/ro\/wp-content\/uploads\/2021\/09\/avocat-tevfik-yildirim-in-istanbul.jpg\",\"contentUrl\":\"https:\/\/www.tevfikyildirim.av.tr\/ro\/wp-content\/uploads\/2021\/09\/avocat-tevfik-yildirim-in-istanbul.jpg\",\"width\":355,\"height\":450},{\"@type\":\"WebPage\",\"@id\":\"https:\/\/www.tevfikyildirim.av.tr\/ro\/despre-noi\/#webpage\",\"url\":\"https:\/\/www.tevfikyildirim.av.tr\/ro\/despre-noi\/\",\"name\":\"Despre noi - Avocat \u00cen Istanbul - Turcia\",\"isPartOf\":{\"@id\":\"https:\/\/www.tevfikyildirim.av.tr\/ro\/#website\"},\"primaryImageOfPage\":{\"@id\":\"https:\/\/www.tevfikyildirim.av.tr\/ro\/despre-noi\/#primaryimage\"},\"datePublished\":\"2021-09-01T12:04:27+00:00\",\"dateModified\":\"2021-09-01T12:04:27+00:00\",\"breadcrumb\":{\"@id\":\"https:\/\/www.tevfikyildirim.av.tr\/ro\/despre-noi\/#breadcrumb\"},\"inLanguage\":\"tr\",\"potentialAction\":[{\"@type\":\"ReadAction\",\"target\":[\"https:\/\/www.tevfikyildirim.av.tr\/ro\/despre-noi\/\"]}]},{\"@type\":\"BreadcrumbList\",\"@id\":\"https:\/\/www.tevfikyildirim.av.tr\/ro\/despre-noi\/#breadcrumb\",\"itemListElement\":[{\"@type\":\"ListItem\",\"position\":1,\"name\":\"Anasayfa\",\"item\":\"https:\/\/www.tevfikyildirim.av.tr\/ro\/\"},{\"@type\":\"ListItem\",\"position\":2,\"name\":\"Despre noi\"}]}]}<\/script>\n<!-- \/ Yoast SEO plugin. -->","yoast_head_json":{"title":"Despre noi - Avocat \u00cen Istanbul - Turcia","robots":{"index":"index","follow":"follow","max-snippet":"max-snippet:-1","max-image-preview":"max-image-preview:large","max-video-preview":"max-video-preview:-1"},"canonical":"https:\/\/www.tevfikyildirim.av.tr\/ro\/despre-noi\/","og_locale":"tr_TR","og_type":"article","og_title":"Despre noi - Avocat \u00cen Istanbul - Turcia","og_description":"Avocatul Tevfik YILDIRIM, cet\u0103\u021bean al Turciei, a studiat dreptul \u00een Rom\u00e2nia \u0219i Turcia \u0219i este avocat afiliat la baroul din Istanbul. Experien\u021be hiriere; drept comercial \u0219i al societ\u0103\u021bilor comerciale; faliment \u0219i falimentDrept, urm\u0103rirea \u00eencas\u0103rilor \u0219i restructurarea datoriilor; familie(Divor\u021b) persoane \u0219i legea mo\u0219tenirii; dreptul muncii, s\u0103n\u0103tatea \u0219i securitatea \u00een munc\u0103Drept; solu\u021bionarea litigiilor \u0219i urm\u0103rirea acestora Instruire [&hellip;]","og_url":"https:\/\/www.tevfikyildirim.av.tr\/ro\/despre-noi\/","og_site_name":"Avocat \u00cen Istanbul - Turcia","og_image":[{"url":"https:\/\/www.tevfikyildirim.av.tr\/ro\/wp-content\/uploads\/2021\/09\/avocat-tevfik-yildirim-in-istanbul.jpg"}],"author":"tevfikyi","twitter_card":"summary_large_image","twitter_misc":{"Tahmini okuma s\u00fcresi":"1 dakika"},"schema":{"@context":"https:\/\/schema.org","@graph":[{"@type":"WebSite","@id":"https:\/\/www.tevfikyildirim.av.tr\/ro\/#website","url":"https:\/\/www.tevfikyildirim.av.tr\/ro\/","name":"Avocat \u00cen Istanbul - Turcia","description":"Avocat care vorbe\u0219te limba rom&acirc;n\u0103","potentialAction":[{"@type":"SearchAction","target":{"@type":"EntryPoint","urlTemplate":"https:\/\/www.tevfikyildirim.av.tr\/ro\/?s={search_term_string}"},"query-input":"required name=search_term_string"}],"inLanguage":"tr"},{"@type":"ImageObject","inLanguage":"tr","@id":"https:\/\/www.tevfikyildirim.av.tr\/ro\/despre-noi\/#primaryimage","url":"https:\/\/www.tevfikyildirim.av.tr\/ro\/wp-content\/uploads\/2021\/09\/avocat-tevfik-yildirim-in-istanbul.jpg","contentUrl":"https:\/\/www.tevfikyildirim.av.tr\/ro\/wp-content\/uploads\/2021\/09\/avocat-tevfik-yildirim-in-istanbul.jpg","width":355,"height":450},{"@type":"WebPage","@id":"https:\/\/www.tevfikyildirim.av.tr\/ro\/despre-noi\/#webpage","url":"https:\/\/www.tevfikyildirim.av.tr\/ro\/despre-noi\/","name":"Despre noi - Avocat \u00cen Istanbul - Turcia","isPartOf":{"@id":"https:\/\/www.tevfikyildirim.av.tr\/ro\/#website"},"primaryImageOfPage":{"@id":"https:\/\/www.tevfikyildirim.av.tr\/ro\/despre-noi\/#primaryimage"},"datePublished":"2021-09-01T12:04:27+00:00","dateModified":"2021-09-01T12:04:27+00:00","breadcrumb":{"@id":"https:\/\/www.tevfikyildirim.av.tr\/ro\/despre-noi\/#breadcrumb"},"inLanguage":"tr","potentialAction":[{"@type":"ReadAction","target":["https:\/\/www.tevfikyildirim.av.tr\/ro\/despre-noi\/"]}]},{"@type":"BreadcrumbList","@id":"https:\/\/www.tevfikyildirim.av.tr\/ro\/despre-noi\/#breadcrumb","itemListElement":[{"@type":"ListItem","position":1,"name":"Anasayfa","item":"https:\/\/www.tevfikyildirim.av.tr\/ro\/"},{"@type":"ListItem","position":2,"name":"Despre noi"}]}]}},"_links":{"self":[{"href":"https:\/\/www.tevfikyildirim.av.tr\/ro\/wp-json\/wp\/v2\/pages\/19","targetHints":{"allow":["GET"]}}],"collection":[{"href":"https:\/\/www.tevfikyildirim.av.tr\/ro\/wp-json\/wp\/v2\/pages"}],"about":[{"href":"https:\/\/www.tevfikyildirim.av.tr\/ro\/wp-json\/wp\/v2\/types\/page"}],"author":[{"embeddable":true,"href":"https:\/\/www.tevfikyildirim.av.tr\/ro\/wp-json\/wp\/v2\/users\/1"}],"replies":[{"embeddable":true,"href":"https:\/\/www.tevfikyildirim.av.tr\/ro\/wp-json\/wp\/v2\/comments?post=19"}],"version-history":[{"count":1,"href":"https:\/\/www.tevfikyildirim.av.tr\/ro\/wp-json\/wp\/v2\/pages\/19\/revisions"}],"predecessor-version":[{"id":21,"href":"https:\/\/www.tevfikyildirim.av.tr\/ro\/wp-json\/wp\/v2\/pages\/19\/revisions\/21"}],"wp:attachment":[{"href":"https:\/\/www.tevfikyildirim.av.tr\/ro\/wp-json\/wp\/v2\/media?parent=19"}],"curies":[{"name":"wp","href":"https:\/\/api.w.org\/{rel}","templated":true}]}}